{"id":196,"date":"2021-01-06T20:21:51","date_gmt":"2021-01-06T20:21:51","guid":{"rendered":"http:\/\/eftx.com.br\/?page_id=196"},"modified":"2026-04-14T21:17:11","modified_gmt":"2026-04-14T21:17:11","slug":"antenas-fm-painel-multicanal-manutencao-de-antenas","status":"publish","type":"page","link":"https:\/\/eftx.com.br\/?page_id=196","title":{"rendered":"ANTENAS FM"},"content":{"rendered":"<ul>\n<li><a href=\"http:\/\/eftx.com.br\/wp-content\/uploads\/2024\/02\/Antena_FM_V_Invertido_Cobre_2024.pdf\" target=\"_blank\" rel=\"noopener\">Antena FM V invertido<\/a><\/li>\n<li><a href=\"https:\/\/eftx.com.br\/wp-content\/uploads\/2026\/01\/FM_Painel_Vertical_Refletor_2026.pdf\">Antena_FM_Painel_Dipolo_Vertical com_Refletor<\/a><\/li>\n<li><a href=\"https:\/\/eftx.com.br\/wp-content\/uploads\/2024\/02\/Antena_FM_Anel_Cobre_2024.pdf\">Antena FM_Anel_<\/a><\/li>\n<li><a href=\"http:\/\/eftx.com.br\/wp-content\/uploads\/2024\/02\/Antena_FM_Alta_Potencia_2024.pdf\">Antena FM Circular Alta Pot\u00eancia<\/a><\/li>\n<li><a href=\"https:\/\/eftx.com.br\/wp-content\/uploads\/2026\/01\/Antena_FM_Anel_Circular_Aluminio_2026.pdf\">Antena_FM_Anel_Circular_Aluminio<\/a><\/li>\n<li><a href=\"http:\/\/eftx.com.br\/wp-content\/uploads\/2024\/02\/Antena_FM_V_Invertido_Baixa_Potencia_2024.pdf\">Antena FM V invertido Baixa Pot\u00eancia\u00a0<\/a><\/li>\n<li><a href=\"http:\/\/eftx.com.br\/wp-content\/uploads\/2024\/02\/Antena_FM_V_Invertido_Aluminio_2024.pdf\">Antena FM V invertido Alum\u00ednio<\/a><\/li>\n<li><a href=\"https:\/\/eftx.com.br\/wp-content\/uploads\/2026\/01\/FM_Dipolo_Vertical_Banda_Larga_2026.pdf\">Antena_FM_Dipolo_Vertical_Banda_Larga<\/a><\/li>\n<li>Antena_FM_Painel_Circular<\/li>\n<li><a href=\"https:\/\/eftx.com.br\/wp-content\/uploads\/2026\/01\/Antena_FM_Dipolo_Vertical_Low_Power_2026.pdf\">Antena_FM_Dipolo_Vertical_Light<\/a><\/li>\n<\/ul>\n<p>&nbsp;<\/p>\n","protected":false},"excerpt":{"rendered":"<p>Antena FM V invertido Antena_FM_Painel_Dipolo_Vertical com_Refletor Antena FM_Anel_ Antena FM Circular Alta Pot\u00eancia Antena_FM_Anel_Circular_Aluminio Antena FM V invertido Baixa Pot\u00eancia\u00a0 Antena FM V invertido Alum\u00ednio Antena_FM_Dipolo_Vertical_Banda_Larga Antena_FM_Painel_Circular Antena_FM_Dipolo_Vertical_Light &nbsp;<\/p>\n","protected":false},"author":4,"featured_media":0,"parent":191,"menu_order":0,"comment_status":"closed","ping_status":"closed","template":"","meta":{"footnotes":""},"yoast_head":"<!-- This site is optimized with the Yoast SEO plugin v15.8 - https:\/\/yoast.com\/wordpress\/plugins\/seo\/ -->\n<title>Antena FM Painel Multicanal, Manuten\u00e7\u00e3o de Antenas<\/title>\n<meta name=\"description\" content=\"Antena FM Painel Multicanal, Painel Circular, Instala\u00e7\u00e3o de Antenas, Suporte para Antenas, Manuten\u00e7\u00e3o de Antenas, Anel Circular, Dipolo Vertical, Dipolo Cruzado\" \/>\n<meta name=\"robots\" content=\"index, follow, max-snippet:-1, max-image-preview:large, max-video-preview:-1\" \/>\n<link rel=\"canonical\" href=\"https:\/\/eftx.com.br\/?page_id=196\" \/>\n<meta property=\"og:locale\" content=\"pt_BR\" \/>\n<meta property=\"og:type\" content=\"article\" \/>\n<meta property=\"og:title\" content=\"Antena FM Painel Multicanal, Manuten\u00e7\u00e3o de Antenas\" \/>\n<meta property=\"og:description\" content=\"Antena FM Painel Multicanal, Painel Circular, Instala\u00e7\u00e3o de Antenas, Suporte para Antenas, Manuten\u00e7\u00e3o de Antenas, Anel Circular, Dipolo Vertical, Dipolo Cruzado\" \/>\n<meta property=\"og:url\" content=\"https:\/\/eftx.com.br\/?page_id=196\" \/>\n<meta property=\"og:site_name\" content=\"FAVARO &amp; ELIAS Fabrica\u00e7\u00e3o de Antenas\" \/>\n<meta property=\"article:modified_time\" content=\"2026-04-14T21:17:11+00:00\" \/>\n<meta name=\"twitter:card\" content=\"summary_large_image\" \/>\n<meta name=\"twitter:label1\" content=\"Est. reading time\">\n\t<meta name=\"twitter:data1\" content=\"1 minuto\">\n<script type=\"application\/ld+json\" class=\"yoast-schema-graph\">{\"@context\":\"https:\/\/schema.org\",\"@graph\":[{\"@type\":\"WebSite\",\"@id\":\"http:\/\/eftx.com.br\/#website\",\"url\":\"http:\/\/eftx.com.br\/\",\"name\":\"FAVARO &amp; ELIAS Fabrica\\u00e7\\u00e3o de Antenas\",\"description\":\"S\\u00f3 mais um site WordPress\",\"potentialAction\":[{\"@type\":\"SearchAction\",\"target\":\"http:\/\/eftx.com.br\/?s={search_term_string}\",\"query-input\":\"required name=search_term_string\"}],\"inLanguage\":\"pt-BR\"},{\"@type\":\"WebPage\",\"@id\":\"https:\/\/eftx.com.br\/?page_id=196#webpage\",\"url\":\"https:\/\/eftx.com.br\/?page_id=196\",\"name\":\"Antena FM Painel Multicanal, Manuten\\u00e7\\u00e3o de Antenas\",\"isPartOf\":{\"@id\":\"http:\/\/eftx.com.br\/#website\"},\"datePublished\":\"2021-01-06T20:21:51+00:00\",\"dateModified\":\"2026-04-14T21:17:11+00:00\",\"description\":\"Antena FM Painel Multicanal, Painel Circular, Instala\\u00e7\\u00e3o de Antenas, Suporte para Antenas, Manuten\\u00e7\\u00e3o de Antenas, Anel Circular, Dipolo Vertical, Dipolo Cruzado\",\"breadcrumb\":{\"@id\":\"https:\/\/eftx.com.br\/?page_id=196#breadcrumb\"},\"inLanguage\":\"pt-BR\",\"potentialAction\":[{\"@type\":\"ReadAction\",\"target\":[\"https:\/\/eftx.com.br\/?page_id=196\"]}]},{\"@type\":\"BreadcrumbList\",\"@id\":\"https:\/\/eftx.com.br\/?page_id=196#breadcrumb\",\"itemListElement\":[{\"@type\":\"ListItem\",\"position\":1,\"item\":{\"@type\":\"WebPage\",\"@id\":\"http:\/\/eftx.com.br\/\",\"url\":\"http:\/\/eftx.com.br\/\",\"name\":\"In\\u00edcio\"}},{\"@type\":\"ListItem\",\"position\":2,\"item\":{\"@type\":\"WebPage\",\"@id\":\"http:\/\/eftx.com.br\/?page_id=191\",\"url\":\"http:\/\/eftx.com.br\/?page_id=191\",\"name\":\"PRODUTOS\"}},{\"@type\":\"ListItem\",\"position\":3,\"item\":{\"@type\":\"WebPage\",\"@id\":\"https:\/\/eftx.com.br\/?page_id=196\",\"url\":\"https:\/\/eftx.com.br\/?page_id=196\",\"name\":\"ANTENAS FM\"}}]}]}<\/script>\n<!-- \/ Yoast SEO plugin. -->","_links":{"self":[{"href":"https:\/\/eftx.com.br\/index.php?rest_route=\/wp\/v2\/pages\/196"}],"collection":[{"href":"https:\/\/eftx.com.br\/index.php?rest_route=\/wp\/v2\/pages"}],"about":[{"href":"https:\/\/eftx.com.br\/index.php?rest_route=\/wp\/v2\/types\/page"}],"author":[{"embeddable":true,"href":"https:\/\/eftx.com.br\/index.php?rest_route=\/wp\/v2\/users\/4"}],"replies":[{"embeddable":true,"href":"https:\/\/eftx.com.br\/index.php?rest_route=%2Fwp%2Fv2%2Fcomments&post=196"}],"version-history":[{"count":42,"href":"https:\/\/eftx.com.br\/index.php?rest_route=\/wp\/v2\/pages\/196\/revisions"}],"predecessor-version":[{"id":768,"href":"https:\/\/eftx.com.br\/index.php?rest_route=\/wp\/v2\/pages\/196\/revisions\/768"}],"up":[{"embeddable":true,"href":"https:\/\/eftx.com.br\/index.php?rest_route=\/wp\/v2\/pages\/191"}],"wp:attachment":[{"href":"https:\/\/eftx.com.br\/index.php?rest_route=%2Fwp%2Fv2%2Fmedia&parent=196"}],"curies":[{"name":"wp","href":"https:\/\/api.w.org\/{rel}","templated":true}]}}