{"id":188,"date":"2021-01-06T20:12:01","date_gmt":"2021-01-06T20:12:01","guid":{"rendered":"http:\/\/eftx.com.br\/?page_id=188"},"modified":"2021-02-15T14:36:12","modified_gmt":"2021-02-15T14:36:12","slug":"radio-difusao-fm-e-digital-broadcast","status":"publish","type":"page","link":"https:\/\/eftx.com.br\/?page_id=188","title":{"rendered":"NOT\u00cdCIAS"},"content":{"rendered":"","protected":false},"excerpt":{"rendered":"","protected":false},"author":4,"featured_media":0,"parent":0,"menu_order":0,"comment_status":"closed","ping_status":"closed","template":"blog.php","meta":{"footnotes":""},"yoast_head":"<!-- This site is optimized with the Yoast SEO plugin v15.8 - https:\/\/yoast.com\/wordpress\/plugins\/seo\/ -->\n<title>Radio Difus\u00e3o FM e Digital, Broadcast<\/title>\n<meta name=\"description\" content=\"Broadcast, Antena FM, Antena de TV Digital, Acess\u00f3rios para Antenas, Fabrica\u00e7\u00e3o de Antenas, Radio Difus\u00e3o FM e Digital, Topografia com Drones, Antena UHF\" \/>\n<meta name=\"robots\" content=\"index, follow, max-snippet:-1, max-image-preview:large, max-video-preview:-1\" \/>\n<link rel=\"canonical\" href=\"http:\/\/eftx.com.br\/?page_id=188\" \/>\n<meta property=\"og:locale\" content=\"pt_BR\" \/>\n<meta property=\"og:type\" content=\"article\" \/>\n<meta property=\"og:title\" content=\"Radio Difus\u00e3o FM e Digital, Broadcast\" \/>\n<meta property=\"og:description\" content=\"Broadcast, Antena FM, Antena de TV Digital, Acess\u00f3rios para Antenas, Fabrica\u00e7\u00e3o de Antenas, Radio Difus\u00e3o FM e Digital, Topografia com Drones, Antena UHF\" \/>\n<meta property=\"og:url\" content=\"http:\/\/eftx.com.br\/?page_id=188\" \/>\n<meta property=\"og:site_name\" content=\"FAVARO &amp; ELIAS Fabrica\u00e7\u00e3o de Antenas\" \/>\n<meta property=\"article:modified_time\" content=\"2021-02-15T14:36:12+00:00\" \/>\n<meta name=\"twitter:card\" content=\"summary_large_image\" \/>\n<script type=\"application\/ld+json\" class=\"yoast-schema-graph\">{\"@context\":\"https:\/\/schema.org\",\"@graph\":[{\"@type\":\"WebSite\",\"@id\":\"http:\/\/eftx.com.br\/#website\",\"url\":\"http:\/\/eftx.com.br\/\",\"name\":\"FAVARO &amp; ELIAS Fabrica\\u00e7\\u00e3o de Antenas\",\"description\":\"S\\u00f3 mais um site WordPress\",\"potentialAction\":[{\"@type\":\"SearchAction\",\"target\":\"http:\/\/eftx.com.br\/?s={search_term_string}\",\"query-input\":\"required name=search_term_string\"}],\"inLanguage\":\"pt-BR\"},{\"@type\":\"WebPage\",\"@id\":\"http:\/\/eftx.com.br\/?page_id=188#webpage\",\"url\":\"http:\/\/eftx.com.br\/?page_id=188\",\"name\":\"Radio Difus\\u00e3o FM e Digital, Broadcast\",\"isPartOf\":{\"@id\":\"http:\/\/eftx.com.br\/#website\"},\"datePublished\":\"2021-01-06T20:12:01+00:00\",\"dateModified\":\"2021-02-15T14:36:12+00:00\",\"description\":\"Broadcast, Antena FM, Antena de TV Digital, Acess\\u00f3rios para Antenas, Fabrica\\u00e7\\u00e3o de Antenas, Radio Difus\\u00e3o FM e Digital, Topografia com Drones, Antena UHF\",\"breadcrumb\":{\"@id\":\"http:\/\/eftx.com.br\/?page_id=188#breadcrumb\"},\"inLanguage\":\"pt-BR\",\"potentialAction\":[{\"@type\":\"ReadAction\",\"target\":[\"http:\/\/eftx.com.br\/?page_id=188\"]}]},{\"@type\":\"BreadcrumbList\",\"@id\":\"http:\/\/eftx.com.br\/?page_id=188#breadcrumb\",\"itemListElement\":[{\"@type\":\"ListItem\",\"position\":1,\"item\":{\"@type\":\"WebPage\",\"@id\":\"http:\/\/eftx.com.br\/\",\"url\":\"http:\/\/eftx.com.br\/\",\"name\":\"In\\u00edcio\"}},{\"@type\":\"ListItem\",\"position\":2,\"item\":{\"@type\":\"WebPage\",\"@id\":\"http:\/\/eftx.com.br\/?page_id=188\",\"url\":\"http:\/\/eftx.com.br\/?page_id=188\",\"name\":\"NOT\\u00cdCIAS\"}}]}]}<\/script>\n<!-- \/ Yoast SEO plugin. -->","_links":{"self":[{"href":"https:\/\/eftx.com.br\/index.php?rest_route=\/wp\/v2\/pages\/188"}],"collection":[{"href":"https:\/\/eftx.com.br\/index.php?rest_route=\/wp\/v2\/pages"}],"about":[{"href":"https:\/\/eftx.com.br\/index.php?rest_route=\/wp\/v2\/types\/page"}],"author":[{"embeddable":true,"href":"https:\/\/eftx.com.br\/index.php?rest_route=\/wp\/v2\/users\/4"}],"replies":[{"embeddable":true,"href":"https:\/\/eftx.com.br\/index.php?rest_route=%2Fwp%2Fv2%2Fcomments&post=188"}],"version-history":[{"count":1,"href":"https:\/\/eftx.com.br\/index.php?rest_route=\/wp\/v2\/pages\/188\/revisions"}],"predecessor-version":[{"id":190,"href":"https:\/\/eftx.com.br\/index.php?rest_route=\/wp\/v2\/pages\/188\/revisions\/190"}],"wp:attachment":[{"href":"https:\/\/eftx.com.br\/index.php?rest_route=%2Fwp%2Fv2%2Fmedia&parent=188"}],"curies":[{"name":"wp","href":"https:\/\/api.w.org\/{rel}","templated":true}]}}