{"id":169,"date":"2021-01-06T19:08:22","date_gmt":"2021-01-06T19:08:22","guid":{"rendered":"http:\/\/eftx.com.br\/?page_id=169"},"modified":"2021-02-15T14:42:56","modified_gmt":"2021-02-15T14:42:56","slug":"sistemas-fm-e-tv-digital-broadcast","status":"publish","type":"page","link":"https:\/\/eftx.com.br\/?page_id=169","title":{"rendered":"REPAROS EM CAMPO"},"content":{"rendered":"<div id=\"pl-169\"  class=\"panel-layout\" ><div id=\"pg-169-0\"  class=\"panel-grid panel-has-style\" ><div class=\"servicos panel-row-style panel-row-style-for-169-0\" ><div id=\"pgc-169-0-0\"  class=\"panel-grid-cell\" ><div id=\"panel-169-0-0-0\" class=\"so-panel widget widget_text panel-first-child panel-last-child\" data-index=\"0\" ><div class=\"servicos-txt panel-widget-style panel-widget-style-for-169-0-0-0\" >\t\t\t<div class=\"textwidget\"><p>Contamos com unidade m\u00f3vel de medidas em Campo para sistemas FM e TV Digital e com equipes especializadas em an\u00e1lise e levantamento de problemas em campo e a\u00e7\u00f5es corretivas, para assegurar efici\u00eancia na solu\u00e7\u00e3o dos problemas t\u00e9cnicos no menor tempo poss\u00edvel.<\/p>\n<\/div>\n\t\t<\/div><\/div><\/div><div id=\"pgc-169-0-1\"  class=\"panel-grid-cell\" ><div id=\"panel-169-0-1-0\" class=\"so-panel widget widget_media_image panel-first-child panel-last-child\" data-index=\"1\" ><a href=\"http:\/\/xn--criar-site-criao-sites-r4b9g.com.br\/provas\/iftx\/wp-content\/uploads\/2021\/01\/reparos-em-campo.jpg\"><img loading=\"lazy\" decoding=\"async\" width=\"500\" height=\"281\" src=\"https:\/\/eftx.com.br\/wp-content\/uploads\/2021\/01\/reparos-em-campo-768x432.jpg\" class=\"image wp-image-170  attachment-500x281 size-500x281\" alt=\"\" style=\"max-width: 100%; height: auto;\" srcset=\"https:\/\/eftx.com.br\/wp-content\/uploads\/2021\/01\/reparos-em-campo-768x432.jpg 768w, https:\/\/eftx.com.br\/wp-content\/uploads\/2021\/01\/reparos-em-campo-300x169.jpg 300w, https:\/\/eftx.com.br\/wp-content\/uploads\/2021\/01\/reparos-em-campo-1024x576.jpg 1024w, https:\/\/eftx.com.br\/wp-content\/uploads\/2021\/01\/reparos-em-campo.jpg 1280w\" sizes=\"(max-width: 500px) 100vw, 500px\" \/><\/a><\/div><\/div><\/div><\/div><\/div>","protected":false},"excerpt":{"rendered":"<p>Contamos com unidade m\u00f3vel de medidas em Campo para sistemas FM e TV Digital e com equipes especializadas em an\u00e1lise e levantamento de problemas em campo e a\u00e7\u00f5es corretivas, para assegurar efici\u00eancia na solu\u00e7\u00e3o dos problemas t\u00e9cnicos no menor tempo poss\u00edvel.<\/p>\n","protected":false},"author":4,"featured_media":0,"parent":110,"menu_order":0,"comment_status":"closed","ping_status":"closed","template":"","meta":{"footnotes":""},"yoast_head":"<!-- This site is optimized with the Yoast SEO plugin v15.8 - https:\/\/yoast.com\/wordpress\/plugins\/seo\/ -->\n<title>Sistemas FM e TV Digital, Broadcast<\/title>\n<meta name=\"description\" content=\"Manuten\u00e7\u00e3o Corretiva e Preventiva para Antenas, Broadcast, Sistemas Irradiantes, Reparo de Antena, Sistemas FM e TV Digital, Instala\u00e7\u00e3o de Antenas\" \/>\n<meta name=\"robots\" content=\"index, follow, max-snippet:-1, max-image-preview:large, max-video-preview:-1\" \/>\n<link rel=\"canonical\" href=\"http:\/\/eftx.com.br\/?page_id=169\" \/>\n<meta property=\"og:locale\" content=\"pt_BR\" \/>\n<meta property=\"og:type\" content=\"article\" \/>\n<meta property=\"og:title\" content=\"Sistemas FM e TV Digital, Broadcast\" \/>\n<meta property=\"og:description\" content=\"Manuten\u00e7\u00e3o Corretiva e Preventiva para Antenas, Broadcast, Sistemas Irradiantes, Reparo de Antena, Sistemas FM e TV Digital, Instala\u00e7\u00e3o de Antenas\" \/>\n<meta property=\"og:url\" content=\"http:\/\/eftx.com.br\/?page_id=169\" \/>\n<meta property=\"og:site_name\" content=\"FAVARO &amp; ELIAS Fabrica\u00e7\u00e3o de Antenas\" \/>\n<meta property=\"article:modified_time\" content=\"2021-02-15T14:42:56+00:00\" \/>\n<meta name=\"twitter:card\" content=\"summary_large_image\" \/>\n<meta name=\"twitter:label1\" content=\"Est. reading time\">\n\t<meta name=\"twitter:data1\" content=\"1 minuto\">\n<script type=\"application\/ld+json\" class=\"yoast-schema-graph\">{\"@context\":\"https:\/\/schema.org\",\"@graph\":[{\"@type\":\"WebSite\",\"@id\":\"http:\/\/eftx.com.br\/#website\",\"url\":\"http:\/\/eftx.com.br\/\",\"name\":\"FAVARO &amp; ELIAS Fabrica\\u00e7\\u00e3o de Antenas\",\"description\":\"S\\u00f3 mais um site WordPress\",\"potentialAction\":[{\"@type\":\"SearchAction\",\"target\":\"http:\/\/eftx.com.br\/?s={search_term_string}\",\"query-input\":\"required name=search_term_string\"}],\"inLanguage\":\"pt-BR\"},{\"@type\":\"WebPage\",\"@id\":\"http:\/\/eftx.com.br\/?page_id=169#webpage\",\"url\":\"http:\/\/eftx.com.br\/?page_id=169\",\"name\":\"Sistemas FM e TV Digital, Broadcast\",\"isPartOf\":{\"@id\":\"http:\/\/eftx.com.br\/#website\"},\"datePublished\":\"2021-01-06T19:08:22+00:00\",\"dateModified\":\"2021-02-15T14:42:56+00:00\",\"description\":\"Manuten\\u00e7\\u00e3o Corretiva e Preventiva para Antenas, Broadcast, Sistemas Irradiantes, Reparo de Antena, Sistemas FM e TV Digital, Instala\\u00e7\\u00e3o de Antenas\",\"breadcrumb\":{\"@id\":\"http:\/\/eftx.com.br\/?page_id=169#breadcrumb\"},\"inLanguage\":\"pt-BR\",\"potentialAction\":[{\"@type\":\"ReadAction\",\"target\":[\"http:\/\/eftx.com.br\/?page_id=169\"]}]},{\"@type\":\"BreadcrumbList\",\"@id\":\"http:\/\/eftx.com.br\/?page_id=169#breadcrumb\",\"itemListElement\":[{\"@type\":\"ListItem\",\"position\":1,\"item\":{\"@type\":\"WebPage\",\"@id\":\"http:\/\/eftx.com.br\/\",\"url\":\"http:\/\/eftx.com.br\/\",\"name\":\"In\\u00edcio\"}},{\"@type\":\"ListItem\",\"position\":2,\"item\":{\"@type\":\"WebPage\",\"@id\":\"http:\/\/eftx.com.br\/?page_id=110\",\"url\":\"http:\/\/eftx.com.br\/?page_id=110\",\"name\":\"SERVI\\u00c7OS\"}},{\"@type\":\"ListItem\",\"position\":3,\"item\":{\"@type\":\"WebPage\",\"@id\":\"http:\/\/eftx.com.br\/?page_id=169\",\"url\":\"http:\/\/eftx.com.br\/?page_id=169\",\"name\":\"REPAROS EM CAMPO\"}}]}]}<\/script>\n<!-- \/ Yoast SEO plugin. -->","_links":{"self":[{"href":"https:\/\/eftx.com.br\/index.php?rest_route=\/wp\/v2\/pages\/169"}],"collection":[{"href":"https:\/\/eftx.com.br\/index.php?rest_route=\/wp\/v2\/pages"}],"about":[{"href":"https:\/\/eftx.com.br\/index.php?rest_route=\/wp\/v2\/types\/page"}],"author":[{"embeddable":true,"href":"https:\/\/eftx.com.br\/index.php?rest_route=\/wp\/v2\/users\/4"}],"replies":[{"embeddable":true,"href":"https:\/\/eftx.com.br\/index.php?rest_route=%2Fwp%2Fv2%2Fcomments&post=169"}],"version-history":[{"count":10,"href":"https:\/\/eftx.com.br\/index.php?rest_route=\/wp\/v2\/pages\/169\/revisions"}],"predecessor-version":[{"id":399,"href":"https:\/\/eftx.com.br\/index.php?rest_route=\/wp\/v2\/pages\/169\/revisions\/399"}],"up":[{"embeddable":true,"href":"https:\/\/eftx.com.br\/index.php?rest_route=\/wp\/v2\/pages\/110"}],"wp:attachment":[{"href":"https:\/\/eftx.com.br\/index.php?rest_route=%2Fwp%2Fv2%2Fmedia&parent=169"}],"curies":[{"name":"wp","href":"https:\/\/api.w.org\/{rel}","templated":true}]}}