{"id":161,"date":"2021-01-06T19:03:06","date_gmt":"2021-01-06T19:03:06","guid":{"rendered":"http:\/\/eftx.com.br\/?page_id=161"},"modified":"2024-02-27T11:18:45","modified_gmt":"2024-02-27T11:18:45","slug":"sistemas-de-fm-e-tv-broadcast","status":"publish","type":"page","link":"https:\/\/eftx.com.br\/?page_id=161","title":{"rendered":"INSTALA\u00c7\u00d5ES E GERENCIAMENTO DE IMPLANTA\u00c7\u00c3O"},"content":{"rendered":"<div id=\"pl-161\"  class=\"panel-layout\" ><div id=\"pg-161-0\"  class=\"panel-grid panel-has-style\" ><div class=\"servicos panel-row-style panel-row-style-for-161-0\" ><div id=\"pgc-161-0-0\"  class=\"panel-grid-cell\" ><div id=\"panel-161-0-0-0\" class=\"so-panel widget widget_text panel-first-child panel-last-child\" data-index=\"0\" ><div class=\"servicos-txt panel-widget-style panel-widget-style-for-161-0-0-0\" >\t\t\t<div class=\"textwidget\"><p>Planejamento e gerenciamento de instala\u00e7\u00f5es em campo. A FAVARO &amp; ELIAS Fabrica\u00e7\u00e3o de Antenas possui v\u00e1rios colaboradores de forma a implantar sistemas de FM e TV da forma mais r\u00e1pida, segura e com qualidade, garantindo a perfeita funcionalidade de seu sistema irradiante.<\/p>\n<\/div>\n\t\t<\/div><\/div><\/div><div id=\"pgc-161-0-1\"  class=\"panel-grid-cell\" ><div id=\"panel-161-0-1-0\" class=\"so-panel widget widget_media_image panel-first-child panel-last-child\" data-index=\"1\" ><a href=\"http:\/\/xn--criar-site-criao-sites-r4b9g.com.br\/provas\/iftx\/wp-content\/uploads\/2021\/01\/1-2.jpg\"><img loading=\"lazy\" decoding=\"async\" width=\"500\" height=\"375\" src=\"https:\/\/eftx.com.br\/wp-content\/uploads\/2021\/01\/1-2-768x576.jpg\" class=\"image wp-image-162  attachment-500x375 size-500x375\" alt=\"\" style=\"max-width: 100%; height: auto;\" srcset=\"https:\/\/eftx.com.br\/wp-content\/uploads\/2021\/01\/1-2-768x576.jpg 768w, https:\/\/eftx.com.br\/wp-content\/uploads\/2021\/01\/1-2-300x225.jpg 300w, https:\/\/eftx.com.br\/wp-content\/uploads\/2021\/01\/1-2-1024x768.jpg 1024w, https:\/\/eftx.com.br\/wp-content\/uploads\/2021\/01\/1-2.jpg 1350w\" sizes=\"(max-width: 500px) 100vw, 500px\" \/><\/a><\/div><\/div><\/div><\/div><\/div>","protected":false},"excerpt":{"rendered":"<p>Planejamento e gerenciamento de instala\u00e7\u00f5es em campo. A FAVARO &amp; ELIAS Fabrica\u00e7\u00e3o de Antenas possui v\u00e1rios colaboradores de forma a implantar sistemas de FM e TV da forma mais r\u00e1pida, segura e com qualidade, garantindo a perfeita funcionalidade de seu sistema irradiante.<\/p>\n","protected":false},"author":4,"featured_media":0,"parent":110,"menu_order":0,"comment_status":"closed","ping_status":"closed","template":"","meta":{"footnotes":""},"yoast_head":"<!-- This site is optimized with the Yoast SEO plugin v15.8 - https:\/\/yoast.com\/wordpress\/plugins\/seo\/ -->\n<title>Sistemas de FM e TV, Broadcast<\/title>\n<meta name=\"description\" content=\"Sistemas de FM e TV, Implanta\u00e7\u00e3o de Antenas FM, Instala\u00e7\u00e3o de Antena de TV, Sistema Irradiante, Divisor de Pot\u00eancia para Antenas, Filtro para Antenas, Broadcast\" \/>\n<meta name=\"robots\" content=\"index, follow, max-snippet:-1, max-image-preview:large, max-video-preview:-1\" \/>\n<link rel=\"canonical\" href=\"http:\/\/eftx.com.br\/?page_id=161\" \/>\n<meta property=\"og:locale\" content=\"pt_BR\" \/>\n<meta property=\"og:type\" content=\"article\" \/>\n<meta property=\"og:title\" content=\"Sistemas de FM e TV, Broadcast\" \/>\n<meta property=\"og:description\" content=\"Sistemas de FM e TV, Implanta\u00e7\u00e3o de Antenas FM, Instala\u00e7\u00e3o de Antena de TV, Sistema Irradiante, Divisor de Pot\u00eancia para Antenas, Filtro para Antenas, Broadcast\" \/>\n<meta property=\"og:url\" content=\"http:\/\/eftx.com.br\/?page_id=161\" \/>\n<meta property=\"og:site_name\" content=\"FAVARO &amp; ELIAS Fabrica\u00e7\u00e3o de Antenas\" \/>\n<meta property=\"article:modified_time\" content=\"2024-02-27T11:18:45+00:00\" \/>\n<meta name=\"twitter:card\" content=\"summary_large_image\" \/>\n<meta name=\"twitter:label1\" content=\"Est. reading time\">\n\t<meta name=\"twitter:data1\" content=\"1 minuto\">\n<script type=\"application\/ld+json\" class=\"yoast-schema-graph\">{\"@context\":\"https:\/\/schema.org\",\"@graph\":[{\"@type\":\"WebSite\",\"@id\":\"http:\/\/eftx.com.br\/#website\",\"url\":\"http:\/\/eftx.com.br\/\",\"name\":\"FAVARO &amp; ELIAS Fabrica\\u00e7\\u00e3o de Antenas\",\"description\":\"S\\u00f3 mais um site WordPress\",\"potentialAction\":[{\"@type\":\"SearchAction\",\"target\":\"http:\/\/eftx.com.br\/?s={search_term_string}\",\"query-input\":\"required name=search_term_string\"}],\"inLanguage\":\"pt-BR\"},{\"@type\":\"WebPage\",\"@id\":\"http:\/\/eftx.com.br\/?page_id=161#webpage\",\"url\":\"http:\/\/eftx.com.br\/?page_id=161\",\"name\":\"Sistemas de FM e TV, Broadcast\",\"isPartOf\":{\"@id\":\"http:\/\/eftx.com.br\/#website\"},\"datePublished\":\"2021-01-06T19:03:06+00:00\",\"dateModified\":\"2024-02-27T11:18:45+00:00\",\"description\":\"Sistemas de FM e TV, Implanta\\u00e7\\u00e3o de Antenas FM, Instala\\u00e7\\u00e3o de Antena de TV, Sistema Irradiante, Divisor de Pot\\u00eancia para Antenas, Filtro para Antenas, Broadcast\",\"breadcrumb\":{\"@id\":\"http:\/\/eftx.com.br\/?page_id=161#breadcrumb\"},\"inLanguage\":\"pt-BR\",\"potentialAction\":[{\"@type\":\"ReadAction\",\"target\":[\"http:\/\/eftx.com.br\/?page_id=161\"]}]},{\"@type\":\"BreadcrumbList\",\"@id\":\"http:\/\/eftx.com.br\/?page_id=161#breadcrumb\",\"itemListElement\":[{\"@type\":\"ListItem\",\"position\":1,\"item\":{\"@type\":\"WebPage\",\"@id\":\"http:\/\/eftx.com.br\/\",\"url\":\"http:\/\/eftx.com.br\/\",\"name\":\"In\\u00edcio\"}},{\"@type\":\"ListItem\",\"position\":2,\"item\":{\"@type\":\"WebPage\",\"@id\":\"http:\/\/eftx.com.br\/?page_id=110\",\"url\":\"http:\/\/eftx.com.br\/?page_id=110\",\"name\":\"SERVI\\u00c7OS\"}},{\"@type\":\"ListItem\",\"position\":3,\"item\":{\"@type\":\"WebPage\",\"@id\":\"http:\/\/eftx.com.br\/?page_id=161\",\"url\":\"http:\/\/eftx.com.br\/?page_id=161\",\"name\":\"INSTALA\\u00c7\\u00d5ES E GERENCIAMENTO DE IMPLANTA\\u00c7\\u00c3O\"}}]}]}<\/script>\n<!-- \/ Yoast SEO plugin. -->","_links":{"self":[{"href":"https:\/\/eftx.com.br\/index.php?rest_route=\/wp\/v2\/pages\/161"}],"collection":[{"href":"https:\/\/eftx.com.br\/index.php?rest_route=\/wp\/v2\/pages"}],"about":[{"href":"https:\/\/eftx.com.br\/index.php?rest_route=\/wp\/v2\/types\/page"}],"author":[{"embeddable":true,"href":"https:\/\/eftx.com.br\/index.php?rest_route=\/wp\/v2\/users\/4"}],"replies":[{"embeddable":true,"href":"https:\/\/eftx.com.br\/index.php?rest_route=%2Fwp%2Fv2%2Fcomments&post=161"}],"version-history":[{"count":13,"href":"https:\/\/eftx.com.br\/index.php?rest_route=\/wp\/v2\/pages\/161\/revisions"}],"predecessor-version":[{"id":598,"href":"https:\/\/eftx.com.br\/index.php?rest_route=\/wp\/v2\/pages\/161\/revisions\/598"}],"up":[{"embeddable":true,"href":"https:\/\/eftx.com.br\/index.php?rest_route=\/wp\/v2\/pages\/110"}],"wp:attachment":[{"href":"https:\/\/eftx.com.br\/index.php?rest_route=%2Fwp%2Fv2%2Fmedia&parent=161"}],"curies":[{"name":"wp","href":"https:\/\/api.w.org\/{rel}","templated":true}]}}