{"id":100,"date":"2021-01-04T13:36:02","date_gmt":"2021-01-04T13:36:02","guid":{"rendered":"http:\/\/eftx.com.br\/?page_id=100"},"modified":"2024-02-27T11:17:09","modified_gmt":"2024-02-27T11:17:09","slug":"engenharia-de-sistemas-engenharia-mecanica","status":"publish","type":"page","link":"https:\/\/eftx.com.br\/?page_id=100","title":{"rendered":"EMPRESA"},"content":{"rendered":"<div id=\"pl-100\"  class=\"panel-layout\" ><div id=\"pg-100-0\"  class=\"panel-grid panel-has-style\" ><div class=\"empresa panel-row-style panel-row-style-for-100-0\" ><div id=\"pgc-100-0-0\"  class=\"panel-grid-cell\" ><div id=\"panel-100-0-0-0\" class=\"so-panel widget widget_media_image panel-first-child panel-last-child\" data-index=\"0\" ><img loading=\"lazy\" decoding=\"async\" width=\"500\" height=\"293\" src=\"https:\/\/eftx.com.br\/wp-content\/uploads\/2021\/02\/cabo-dtf-768x450.jpg\" class=\"image wp-image-324  attachment-500x293 size-500x293\" alt=\"\" style=\"max-width: 100%; height: auto;\" srcset=\"https:\/\/eftx.com.br\/wp-content\/uploads\/2021\/02\/cabo-dtf-768x450.jpg 768w, https:\/\/eftx.com.br\/wp-content\/uploads\/2021\/02\/cabo-dtf-300x176.jpg 300w, https:\/\/eftx.com.br\/wp-content\/uploads\/2021\/02\/cabo-dtf.jpg 1023w\" sizes=\"(max-width: 500px) 100vw, 500px\" \/><\/div><\/div><div id=\"pgc-100-0-1\"  class=\"panel-grid-cell\" ><div id=\"panel-100-0-1-0\" class=\"so-panel widget widget_sow-editor panel-first-child panel-last-child\" data-index=\"1\" ><div class=\"empresa-txt panel-widget-style panel-widget-style-for-100-0-1-0\" ><div class=\"so-widget-sow-editor so-widget-sow-editor-base\">\n<div class=\"siteorigin-widget-tinymce textwidget\">\n\t<p>A <strong>FAVARO &amp; ELIAS Fabrica\u00e7\u00e3o de Antenas<\/strong>\u00a0\u00e9 uma empresa composta por profissionais de alto gabarito t\u00e9cnico, com d\u00e9cadas de experi\u00eancia no mercado Broadcast de FM e TV Digital, com vasto conhecimento em testes e avalia\u00e7\u00f5es de sistemas em Campo e em Laborat\u00f3rios, contando ainda com colaboradores nas \u00e1reas de engenharia de sistemas, engenharia mec\u00e2nica, sistemas irradiantes e projetos.<\/p>\n<p>Sua base fabril est\u00e1 situada em Valinhos, interior de S\u00e3o Paulo, possuindo duas \u00e1reas distintas que s\u00e3o: <em>f\u00e1brica e Campo de Provas<\/em> integrado com Laborat\u00f3rio de precis\u00e3o em medidas de radiofrequ\u00eancia.<\/p>\n<p>A FAVARO &amp; ELIAS Fabrica\u00e7\u00e3o de Antenas apresenta um conceito inovador quanto \u00e0 oferta de produtos e servi\u00e7os, tendo a composi\u00e7\u00e3o perfeita em termos de rapidez na entrega de acess\u00f3rios, antenas a pre\u00e7os competitivos, com qualidade assegurada pela sua longa experi\u00eancia tanto em fabrica\u00e7\u00e3o quanto em projetos e servi\u00e7os.<\/p>\n<\/div>\n<\/div><\/div><\/div><\/div><\/div><\/div><\/div>","protected":false},"excerpt":{"rendered":"<p>A FAVARO &amp; ELIAS Fabrica\u00e7\u00e3o de Antenas\u00a0\u00e9 uma empresa composta por profissionais de alto gabarito t\u00e9cnico, com d\u00e9cadas de experi\u00eancia no mercado Broadcast de FM e TV Digital, com vasto conhecimento em testes e avalia\u00e7\u00f5es de sistemas em Campo e em Laborat\u00f3rios, contando ainda com colaboradores nas \u00e1reas de engenharia de sistemas, engenharia mec\u00e2nica, sistemas [&hellip;]<\/p>\n","protected":false},"author":4,"featured_media":0,"parent":0,"menu_order":0,"comment_status":"closed","ping_status":"closed","template":"","meta":{"footnotes":""},"yoast_head":"<!-- This site is optimized with the Yoast SEO plugin v15.8 - https:\/\/yoast.com\/wordpress\/plugins\/seo\/ -->\n<title>Engenharia de Sistemas, Engenharia Mec\u00e2nica<\/title>\n<meta name=\"description\" content=\"Engenharia Mec\u00e2nica, Topografia com Drone, Broadcast, Radiodifus\u00e3o, Antena FM, Manifold, Antena UHF, Engenharia de Sistemas, Linha de Transmiss\u00e3o\" \/>\n<meta name=\"robots\" content=\"index, follow, max-snippet:-1, max-image-preview:large, max-video-preview:-1\" \/>\n<link rel=\"canonical\" href=\"http:\/\/eftx.com.br\/?page_id=100\" \/>\n<meta property=\"og:locale\" content=\"pt_BR\" \/>\n<meta property=\"og:type\" content=\"article\" \/>\n<meta property=\"og:title\" content=\"Engenharia de Sistemas, Engenharia Mec\u00e2nica\" \/>\n<meta property=\"og:description\" content=\"Engenharia Mec\u00e2nica, Topografia com Drone, Broadcast, Radiodifus\u00e3o, Antena FM, Manifold, Antena UHF, Engenharia de Sistemas, Linha de Transmiss\u00e3o\" \/>\n<meta property=\"og:url\" content=\"http:\/\/eftx.com.br\/?page_id=100\" \/>\n<meta property=\"og:site_name\" content=\"FAVARO &amp; ELIAS Fabrica\u00e7\u00e3o de Antenas\" \/>\n<meta property=\"article:modified_time\" content=\"2024-02-27T11:17:09+00:00\" \/>\n<meta name=\"twitter:card\" content=\"summary_large_image\" \/>\n<meta name=\"twitter:label1\" content=\"Est. reading time\">\n\t<meta name=\"twitter:data1\" content=\"1 minuto\">\n<script type=\"application\/ld+json\" class=\"yoast-schema-graph\">{\"@context\":\"https:\/\/schema.org\",\"@graph\":[{\"@type\":\"WebSite\",\"@id\":\"http:\/\/eftx.com.br\/#website\",\"url\":\"http:\/\/eftx.com.br\/\",\"name\":\"FAVARO &amp; ELIAS Fabrica\\u00e7\\u00e3o de Antenas\",\"description\":\"S\\u00f3 mais um site WordPress\",\"potentialAction\":[{\"@type\":\"SearchAction\",\"target\":\"http:\/\/eftx.com.br\/?s={search_term_string}\",\"query-input\":\"required name=search_term_string\"}],\"inLanguage\":\"pt-BR\"},{\"@type\":\"WebPage\",\"@id\":\"http:\/\/eftx.com.br\/?page_id=100#webpage\",\"url\":\"http:\/\/eftx.com.br\/?page_id=100\",\"name\":\"Engenharia de Sistemas, Engenharia Mec\\u00e2nica\",\"isPartOf\":{\"@id\":\"http:\/\/eftx.com.br\/#website\"},\"datePublished\":\"2021-01-04T13:36:02+00:00\",\"dateModified\":\"2024-02-27T11:17:09+00:00\",\"description\":\"Engenharia Mec\\u00e2nica, Topografia com Drone, Broadcast, Radiodifus\\u00e3o, Antena FM, Manifold, Antena UHF, Engenharia de Sistemas, Linha de Transmiss\\u00e3o\",\"breadcrumb\":{\"@id\":\"http:\/\/eftx.com.br\/?page_id=100#breadcrumb\"},\"inLanguage\":\"pt-BR\",\"potentialAction\":[{\"@type\":\"ReadAction\",\"target\":[\"http:\/\/eftx.com.br\/?page_id=100\"]}]},{\"@type\":\"BreadcrumbList\",\"@id\":\"http:\/\/eftx.com.br\/?page_id=100#breadcrumb\",\"itemListElement\":[{\"@type\":\"ListItem\",\"position\":1,\"item\":{\"@type\":\"WebPage\",\"@id\":\"http:\/\/eftx.com.br\/\",\"url\":\"http:\/\/eftx.com.br\/\",\"name\":\"In\\u00edcio\"}},{\"@type\":\"ListItem\",\"position\":2,\"item\":{\"@type\":\"WebPage\",\"@id\":\"http:\/\/eftx.com.br\/?page_id=100\",\"url\":\"http:\/\/eftx.com.br\/?page_id=100\",\"name\":\"EMPRESA\"}}]}]}<\/script>\n<!-- \/ Yoast SEO plugin. -->","_links":{"self":[{"href":"https:\/\/eftx.com.br\/index.php?rest_route=\/wp\/v2\/pages\/100"}],"collection":[{"href":"https:\/\/eftx.com.br\/index.php?rest_route=\/wp\/v2\/pages"}],"about":[{"href":"https:\/\/eftx.com.br\/index.php?rest_route=\/wp\/v2\/types\/page"}],"author":[{"embeddable":true,"href":"https:\/\/eftx.com.br\/index.php?rest_route=\/wp\/v2\/users\/4"}],"replies":[{"embeddable":true,"href":"https:\/\/eftx.com.br\/index.php?rest_route=%2Fwp%2Fv2%2Fcomments&post=100"}],"version-history":[{"count":53,"href":"https:\/\/eftx.com.br\/index.php?rest_route=\/wp\/v2\/pages\/100\/revisions"}],"predecessor-version":[{"id":597,"href":"https:\/\/eftx.com.br\/index.php?rest_route=\/wp\/v2\/pages\/100\/revisions\/597"}],"wp:attachment":[{"href":"https:\/\/eftx.com.br\/index.php?rest_route=%2Fwp%2Fv2%2Fmedia&parent=100"}],"curies":[{"name":"wp","href":"https:\/\/api.w.org\/{rel}","templated":true}]}}